{"id":31354,"date":"2016-08-17T22:28:41","date_gmt":"2016-08-17T19:28:41","guid":{"rendered":"http:\/\/www.karol.ee\/tenerife\/?lang=en"},"modified":"2016-08-17T22:28:41","modified_gmt":"2016-08-17T19:28:41","slug":"tenerife","status":"publish","type":"page","link":"https:\/\/karol.ee\/en\/tenerife\/","title":{"rendered":"Tenerife"},"content":{"rendered":"<p><strong>Golfireis Tenerifele<\/strong><\/p>\n<p><img loading=\"lazy\" decoding=\"async\" class=\"alignright\" src=\"http:\/\/www.karol.ee\/puhkusereisid\/files\/images\/Golfireisid\/Hispaania_Tenerife_%20Abama%20Golf%20and%20Spa%20Resort.jpg\" alt=\"\" width=\"231\" height=\"347\" \/>Tenerife on suurep\u00e4rane koht puhkamiseks ja golfiks. Miks? Seda t\u00e4nu loodusele, golfile ja inimestele. Saarel on 8 suhteliselt uut,\u00a0 suurep\u00e4rase planeeringuga ning heatasemelist golfiv\u00e4ljakut, kus on toimunud ka mainekaid golfiturniire. Naabersaarel, pisikesel La Gomeral,\u00a0 on samuti korralik 18-rajaline golfiv\u00e4ljak.<br \/>\nTenerife on golfiharrastajate hulgas v\u00e4ga hinnatud oma kvaliteetsete v\u00e4ljakute poolest. Mahe kliima (nii talvel kui ka suvel j\u00e4\u00e4b keskmine \u00f5hutemperatuur 23 \u201325\u00b0 C piiresse) meelitab saarele golfimeistrid ja -harrastajad tervest maailmast. Iga v\u00e4ljak on oman\u00e4oline, rajatud erinevale maastikule. Golfiv\u00e4ljakud muudab ise\u00e4ranis v\u00f5luvaks vulkaaniline maastik, mis on selgelt eristuvaks kontrastiks rohetavatele m\u00e4ngualadele.<\/p>\n<p><strong>V\u00e4ljakud:<\/strong><br \/>\n&#8211;\u00a0<a href=\"http:\/\/www.amarillagolf.es\/\" target=\"_blank\">Amarilla Golf Course<\/a><br \/>\n&#8211; <a href=\"http:\/\/www.golfdelsur.net\/\" target=\"_blank\">Golf del Sur<\/a><\/p>\n<p><strong>Kaaslasele, kes golfirajal aega veeta ei soovi, on v\u00f5imalik k\u00fclastada allolevaid meelelahutuskeskusi:<\/strong><br \/>\n<strong>\u00a0&#8211; <a href=\"http:\/\/www.tenerifewaterpark.com\/\" target=\"_blank\">Veekeskus SIAM<\/a><\/strong>, mis asub Playa de las Americase keskuses<br \/>\n<strong>\u00a0&#8211; <a href=\"http:\/\/www.loroparquetenerife.com\/\" target=\"_blank\">Loro Park<\/a><\/strong>, mis asub saare p\u00f5hja osas ja sinna saab s\u00f5ita ise v\u00f5i reisikorraldaja ekskursiooniga. Erinevate loomade etendused ja loodusfilm on k\u00f5ik teatud kellaajal pargis liikujatele pargi pileti hinnas<strong>.<\/strong><\/p>\n<p><u><a href=\"http:\/\/www.karol.ee\/puhkusereisid\/index.php?id=15\" target=\"_blank\"><strong>Oma reisisoov saada meile siit<\/strong><\/a><\/u><\/p>\n","protected":false},"excerpt":{"rendered":"<p>Golfireis Tenerifele Tenerife on suurep\u00e4rane koht puhkamiseks ja golfiks. Miks? [&hellip;]<\/p>\n","protected":false},"author":14,"featured_media":43093,"parent":0,"menu_order":0,"comment_status":"closed","ping_status":"closed","template":"templates\/puhkusereisid.php","meta":{"_acf_changed":false,"footnotes":""},"class_list":["post-31354","page","type-page","status-publish","has-post-thumbnail","hentry"],"acf":[],"aioseo_notices":[],"_links":{"self":[{"href":"https:\/\/karol.ee\/en\/wp-json\/wp\/v2\/pages\/31354","targetHints":{"allow":["GET"]}}],"collection":[{"href":"https:\/\/karol.ee\/en\/wp-json\/wp\/v2\/pages"}],"about":[{"href":"https:\/\/karol.ee\/en\/wp-json\/wp\/v2\/types\/page"}],"author":[{"embeddable":true,"href":"https:\/\/karol.ee\/en\/wp-json\/wp\/v2\/users\/14"}],"replies":[{"embeddable":true,"href":"https:\/\/karol.ee\/en\/wp-json\/wp\/v2\/comments?post=31354"}],"version-history":[{"count":1,"href":"https:\/\/karol.ee\/en\/wp-json\/wp\/v2\/pages\/31354\/revisions"}],"predecessor-version":[{"id":31355,"href":"https:\/\/karol.ee\/en\/wp-json\/wp\/v2\/pages\/31354\/revisions\/31355"}],"wp:featuredmedia":[{"embeddable":true,"href":"https:\/\/karol.ee\/en\/wp-json\/wp\/v2\/media\/43093"}],"wp:attachment":[{"href":"https:\/\/karol.ee\/en\/wp-json\/wp\/v2\/media?parent=31354"}],"curies":[{"name":"wp","href":"https:\/\/api.w.org\/{rel}","templated":true}]}}